{"id":85,"date":"2020-09-12T04:54:15","date_gmt":"2020-09-12T07:54:15","guid":{"rendered":"https:\/\/www.evolvikbrasil.com.br\/loja-brasil\/?post_type=product&#038;p=85"},"modified":"2026-03-19T05:29:17","modified_gmt":"2026-03-19T08:29:17","slug":"legging","status":"publish","type":"product","link":"https:\/\/www.evolvikbrasil.com.br\/loja-brasil\/produto\/legging\/","title":{"rendered":"LEGGING"},"content":{"rendered":"<p>A Legging \u00e9 confeccionada em malha especial para favorecer melhores respostas sensoriais com conforto do paciente. Seu grande diferencial \u00e9 compress\u00e3o diferenciada nas articula\u00e7\u00f5es dos joelhos, oferecendo maior e melhor sensa\u00e7\u00e3o t\u00e1til e proprioceptiva.<\/p>\n<p>O uso frequente e gradual da cal\u00e7a legging propioceptiva proporciona:<\/p>\n<ul>\n<li>Melhora na resposta somato-sensorial;<\/li>\n<li>Diminui\u00e7\u00e3o gradativa de estereotipias;<\/li>\n<li>Aumento de concentra\u00e7\u00e3o cognitiva.<\/li>\n<\/ul>\n<p>Este produto \u00e9 contraindicado para paciente com doen\u00e7as cardiovasculares graves, refluxo grave ou convuls\u00f5es n\u00e3o controladas.<\/p>\n<p>&nbsp;<\/p>\n<ul>\n<li><strong>TAMANHOS<\/strong><br \/>\nP-baby | M-baby | G-baby | PPP | PP | P | M | G | GG | 3G | 4G<\/li>\n<\/ul>\n<blockquote><p>Para informa\u00e7\u00f5es completas referente as medidas, consultar<br \/>\nnossa tabela de tamanho e orienta\u00e7\u00f5es de medi\u00e7\u00e3o.<\/p><\/blockquote>\n<ul>\n<li><strong>CORES<\/strong><br \/>\nBEGE \/PRETO<\/li>\n<\/ul>\n<ul>\n<li><strong>MATERIAL<\/strong><br \/>\nTecido compressivo 79% poliamida 21% elastano<\/li>\n<\/ul>\n<p>&nbsp;<\/p>\n<p><img decoding=\"async\" loading=\"lazy\" class=\" wp-image-662 aligncenter\" src=\"https:\/\/www.evolvikbrasil.com.br\/loja-brasil\/wp-content\/uploads\/2020\/11\/tabela-de-medidas-2021-300x241.jpg\" alt=\"\" width=\"448\" height=\"360\" srcset=\"https:\/\/www.evolvikbrasil.com.br\/loja-brasil\/wp-content\/uploads\/2020\/11\/tabela-de-medidas-2021-300x241.jpg 300w, https:\/\/www.evolvikbrasil.com.br\/loja-brasil\/wp-content\/uploads\/2020\/11\/tabela-de-medidas-2021-768x617.jpg 768w, https:\/\/www.evolvikbrasil.com.br\/loja-brasil\/wp-content\/uploads\/2020\/11\/tabela-de-medidas-2021-600x482.jpg 600w, https:\/\/www.evolvikbrasil.com.br\/loja-brasil\/wp-content\/uploads\/2020\/11\/tabela-de-medidas-2021.jpg 900w\" sizes=\"(max-width: 448px) 100vw, 448px\" \/><\/p>\n<ul>\n<li><strong>Medidas e ajustes para GTT podem ser informados no ato do pedido, no campo Notas do pedido ou pelo whatsapp +55 61 9 9932 4855<\/strong><\/li>\n<\/ul>\n<p><img decoding=\"async\" loading=\"lazy\" class=\"wp-image-1136 aligncenter\" src=\"https:\/\/www.evolvikbrasil.com.br\/loja-brasil\/wp-content\/uploads\/2021\/09\/NOTAS-PEDIDO-260x300.jpg\" sizes=\"(max-width: 485px) 100vw, 485px\" srcset=\"https:\/\/www.evolvikbrasil.com.br\/loja-brasil\/wp-content\/uploads\/2021\/09\/NOTAS-PEDIDO-260x300.jpg 260w, https:\/\/www.evolvikbrasil.com.br\/loja-brasil\/wp-content\/uploads\/2021\/09\/NOTAS-PEDIDO-888x1024.jpg 888w, https:\/\/www.evolvikbrasil.com.br\/loja-brasil\/wp-content\/uploads\/2021\/09\/NOTAS-PEDIDO-768x886.jpg 768w, https:\/\/www.evolvikbrasil.com.br\/loja-brasil\/wp-content\/uploads\/2021\/09\/NOTAS-PEDIDO-600x692.jpg 600w, https:\/\/www.evolvikbrasil.com.br\/loja-brasil\/wp-content\/uploads\/2021\/09\/NOTAS-PEDIDO.jpg 900w\" alt=\"\" width=\"485\" height=\"560\" \/><\/p>\n<ul>\n<li>\n<h3><span style=\"color: #ff0000;\"><strong>PRAZO PARA ENVIO &#8211; AT\u00c9 25 DIAS DA CONFIRMA\u00c7\u00c3O DO PAGAMENTO MAIS O PRAZO DE ENTREGA DOS CORREIOS<\/strong><\/span><\/h3>\n<\/li>\n<\/ul>\n<p>&nbsp;<\/p>\n","protected":false},"excerpt":{"rendered":"<p>LEGGING<\/p>\n","protected":false},"featured_media":1130,"comment_status":"open","ping_status":"closed","template":"","meta":[],"product_cat":[17,19],"product_tag":[],"_links":{"self":[{"href":"https:\/\/www.evolvikbrasil.com.br\/loja-brasil\/wp-json\/wp\/v2\/product\/85"}],"collection":[{"href":"https:\/\/www.evolvikbrasil.com.br\/loja-brasil\/wp-json\/wp\/v2\/product"}],"about":[{"href":"https:\/\/www.evolvikbrasil.com.br\/loja-brasil\/wp-json\/wp\/v2\/types\/product"}],"replies":[{"embeddable":true,"href":"https:\/\/www.evolvikbrasil.com.br\/loja-brasil\/wp-json\/wp\/v2\/comments?post=85"}],"wp:featuredmedia":[{"embeddable":true,"href":"https:\/\/www.evolvikbrasil.com.br\/loja-brasil\/wp-json\/wp\/v2\/media\/1130"}],"wp:attachment":[{"href":"https:\/\/www.evolvikbrasil.com.br\/loja-brasil\/wp-json\/wp\/v2\/media?parent=85"}],"wp:term":[{"taxonomy":"product_cat","embeddable":true,"href":"https:\/\/www.evolvikbrasil.com.br\/loja-brasil\/wp-json\/wp\/v2\/product_cat?post=85"},{"taxonomy":"product_tag","embeddable":true,"href":"https:\/\/www.evolvikbrasil.com.br\/loja-brasil\/wp-json\/wp\/v2\/product_tag?post=85"}],"curies":[{"name":"wp","href":"https:\/\/api.w.org\/{rel}","templated":true}]}}