{"id":4181,"date":"2025-06-04T10:38:22","date_gmt":"2025-06-04T13:38:22","guid":{"rendered":"https:\/\/www.evolvikbrasil.com.br\/loja-brasil\/?post_type=product&#038;p=4181"},"modified":"2025-09-01T09:19:22","modified_gmt":"2025-09-01T12:19:22","slug":"centopeia","status":"publish","type":"product","link":"https:\/\/www.evolvikbrasil.com.br\/loja-brasil\/produto\/centopeia\/","title":{"rendered":"Centopeia"},"content":{"rendered":"<p><span style=\"font-weight: 400;\">A Centopeia \u00e9 um acess\u00f3rio terap\u00eautico que oferece est\u00edmulo t\u00e1til e proprioceptivo. Cada gominho da centopeia oferece uma sensa\u00e7\u00e3o \u00fanica, com texturas diferentes e cores. Pode ser utilizada nos bra\u00e7os, ombros ou at\u00e9 mesmo no colo, proporcionando press\u00e3o profunda, promovendo relaxamento, organiza\u00e7\u00e3o corporal, al\u00e9m de favorecer o aumento da aten\u00e7\u00e3o e do foco de maneira l\u00fadica.<\/span><\/p>\n<p>&nbsp;<\/p>\n<ul>\n<li><strong>Medidas e ajustes para GTT podem ser informados no ato do pedido, no campo Notas do pedido ou pelo whatsapp +55 61 9 9932 4855<\/strong><\/li>\n<\/ul>\n<p>&nbsp;<\/p>\n<ul>\n<li>\n<h3><span style=\"color: #ff0000;\"><strong>PRAZO PARA ENVIO &#8211; AT\u00c9 25 DIAS DA CONFIRMA\u00c7\u00c3O DO PAGAMENTO MAIS O PRAZO DE ENTREGA DOS CORREIOS<\/strong><\/span><\/h3>\n<\/li>\n<\/ul>\n<div id=\"gtx-trans\" style=\"position: absolute; left: 419px; top: 176px;\">\n<div class=\"gtx-trans-icon\"><\/div>\n<\/div>\n","protected":false},"excerpt":{"rendered":"<p><span style=\"font-weight: 400;\">Centopeia<\/span><\/p>\n","protected":false},"featured_media":4236,"comment_status":"open","ping_status":"closed","template":"","meta":[],"product_cat":[15,21],"product_tag":[],"_links":{"self":[{"href":"https:\/\/www.evolvikbrasil.com.br\/loja-brasil\/wp-json\/wp\/v2\/product\/4181"}],"collection":[{"href":"https:\/\/www.evolvikbrasil.com.br\/loja-brasil\/wp-json\/wp\/v2\/product"}],"about":[{"href":"https:\/\/www.evolvikbrasil.com.br\/loja-brasil\/wp-json\/wp\/v2\/types\/product"}],"replies":[{"embeddable":true,"href":"https:\/\/www.evolvikbrasil.com.br\/loja-brasil\/wp-json\/wp\/v2\/comments?post=4181"}],"wp:featuredmedia":[{"embeddable":true,"href":"https:\/\/www.evolvikbrasil.com.br\/loja-brasil\/wp-json\/wp\/v2\/media\/4236"}],"wp:attachment":[{"href":"https:\/\/www.evolvikbrasil.com.br\/loja-brasil\/wp-json\/wp\/v2\/media?parent=4181"}],"wp:term":[{"taxonomy":"product_cat","embeddable":true,"href":"https:\/\/www.evolvikbrasil.com.br\/loja-brasil\/wp-json\/wp\/v2\/product_cat?post=4181"},{"taxonomy":"product_tag","embeddable":true,"href":"https:\/\/www.evolvikbrasil.com.br\/loja-brasil\/wp-json\/wp\/v2\/product_tag?post=4181"}],"curies":[{"name":"wp","href":"https:\/\/api.w.org\/{rel}","templated":true}]}}