{"id":4166,"date":"2025-06-04T10:37:15","date_gmt":"2025-06-04T13:37:15","guid":{"rendered":"https:\/\/www.evolvikbrasil.com.br\/loja-brasil\/?post_type=product&#038;p=4166"},"modified":"2025-09-01T09:20:29","modified_gmt":"2025-09-01T12:20:29","slug":"manta-ponderadora","status":"publish","type":"product","link":"https:\/\/www.evolvikbrasil.com.br\/loja-brasil\/produto\/manta-ponderadora\/","title":{"rendered":"Manta Ponderadora"},"content":{"rendered":"<p><span style=\"font-weight: 400;\">A Manta Ponderadora \u00e9 um recurso sensorial desenvolvido para oferecer est\u00edmulo proprioceptivo atrav\u00e9s do peso distribu\u00eddo de forma uniforme. Ela promove uma sensa\u00e7\u00e3o de aconchego, seguran\u00e7a e organiza\u00e7\u00e3o corporal, auxiliando na regula\u00e7\u00e3o sensorial, no controle da ansiedade, ela foi confeccionada para colocar na coxa da pessoa ao sentar.<\/span><\/p>\n<p>&nbsp;<\/p>\n<ul>\n<li><strong>Medidas e ajustes para GTT podem ser informados no ato do pedido, no campo Notas do pedido ou pelo whatsapp +55 61 9 9932 4855<\/strong><\/li>\n<\/ul>\n<p><img decoding=\"async\" loading=\"lazy\" class=\"wp-image-1136 aligncenter\" src=\"https:\/\/www.evolvikbrasil.com.br\/loja-brasil\/wp-content\/uploads\/2021\/09\/NOTAS-PEDIDO-260x300.jpg\" sizes=\"(max-width: 485px) 100vw, 485px\" srcset=\"https:\/\/www.evolvikbrasil.com.br\/loja-brasil\/wp-content\/uploads\/2021\/09\/NOTAS-PEDIDO-260x300.jpg 260w, https:\/\/www.evolvikbrasil.com.br\/loja-brasil\/wp-content\/uploads\/2021\/09\/NOTAS-PEDIDO-888x1024.jpg 888w, https:\/\/www.evolvikbrasil.com.br\/loja-brasil\/wp-content\/uploads\/2021\/09\/NOTAS-PEDIDO-768x886.jpg 768w, https:\/\/www.evolvikbrasil.com.br\/loja-brasil\/wp-content\/uploads\/2021\/09\/NOTAS-PEDIDO-600x692.jpg 600w, https:\/\/www.evolvikbrasil.com.br\/loja-brasil\/wp-content\/uploads\/2021\/09\/NOTAS-PEDIDO.jpg 900w\" alt=\"\" width=\"485\" height=\"560\" \/><\/p>\n<p>&nbsp;<\/p>\n<ul>\n<li>\n<h3><span style=\"color: #ff0000;\"><strong>PRAZO PARA ENVIO &#8211; AT\u00c9 25 DIAS DA CONFIRMA\u00c7\u00c3O DO PAGAMENTO MAIS O PRAZO DE ENTREGA DOS CORREIOS<\/strong><\/span><\/h3>\n<\/li>\n<\/ul>\n<div id=\"gtx-trans\" style=\"position: absolute; left: 419px; top: 176px;\">\n<div class=\"gtx-trans-icon\"><\/div>\n<\/div>\n","protected":false},"excerpt":{"rendered":"<p><span style=\"font-weight: 400;\">Manta Ponderadora<\/span><\/p>\n","protected":false},"featured_media":4237,"comment_status":"open","ping_status":"closed","template":"","meta":[],"product_cat":[15,21],"product_tag":[],"_links":{"self":[{"href":"https:\/\/www.evolvikbrasil.com.br\/loja-brasil\/wp-json\/wp\/v2\/product\/4166"}],"collection":[{"href":"https:\/\/www.evolvikbrasil.com.br\/loja-brasil\/wp-json\/wp\/v2\/product"}],"about":[{"href":"https:\/\/www.evolvikbrasil.com.br\/loja-brasil\/wp-json\/wp\/v2\/types\/product"}],"replies":[{"embeddable":true,"href":"https:\/\/www.evolvikbrasil.com.br\/loja-brasil\/wp-json\/wp\/v2\/comments?post=4166"}],"wp:featuredmedia":[{"embeddable":true,"href":"https:\/\/www.evolvikbrasil.com.br\/loja-brasil\/wp-json\/wp\/v2\/media\/4237"}],"wp:attachment":[{"href":"https:\/\/www.evolvikbrasil.com.br\/loja-brasil\/wp-json\/wp\/v2\/media?parent=4166"}],"wp:term":[{"taxonomy":"product_cat","embeddable":true,"href":"https:\/\/www.evolvikbrasil.com.br\/loja-brasil\/wp-json\/wp\/v2\/product_cat?post=4166"},{"taxonomy":"product_tag","embeddable":true,"href":"https:\/\/www.evolvikbrasil.com.br\/loja-brasil\/wp-json\/wp\/v2\/product_tag?post=4166"}],"curies":[{"name":"wp","href":"https:\/\/api.w.org\/{rel}","templated":true}]}}