{"id":4135,"date":"2025-06-04T09:34:19","date_gmt":"2025-06-04T12:34:19","guid":{"rendered":"https:\/\/www.evolvikbrasil.com.br\/loja-brasil\/?post_type=product&#038;p=4135"},"modified":"2025-09-01T09:47:30","modified_gmt":"2025-09-01T12:47:30","slug":"ez-vest","status":"publish","type":"product","link":"https:\/\/www.evolvikbrasil.com.br\/loja-brasil\/produto\/ez-vest\/","title":{"rendered":"EZ Vest"},"content":{"rendered":"<p><span class=\"fontstyle0\">Vestimenta sensorial desenvolvida para auxiliar no controle postural de pessoas com altera\u00e7\u00f5es neurol\u00f3gicas ou ortop\u00e9dicas. Confeccionado com el\u00e1sticos costurados internamente, o EZ Vest oferece suporte \u00e0 postura contra a gravidade, favorecendo rea\u00e7\u00f5es de endireitamento e proporcionando estabilidade \u00e0s articula\u00e7\u00f5es para auxiliar no suporte de peso.<\/span><\/p>\n<p><span class=\"fontstyle0\">O uso frequente e gradual do <\/span><span class=\"fontstyle0\">EZ Vest <\/span><span class=\"fontstyle0\">proporciona: <\/span><\/p>\n<p><span class=\"fontstyle1\">\u2714\ufe0f <\/span><span class=\"fontstyle0\">Melhora no controle postural; <\/span><\/p>\n<p><span class=\"fontstyle1\">\u2714\ufe0f <\/span><span class=\"fontstyle0\">Favorecimento das rea\u00e7\u00f5es de endireitamento; <\/span><\/p>\n<p><span class=\"fontstyle1\">\u2714\ufe0f <\/span><span class=\"fontstyle0\">Estabilidade articular para suporte de peso; <\/span><\/p>\n<p><span class=\"fontstyle1\">\u2714\ufe0f <\/span><span class=\"fontstyle0\">Maior sustenta\u00e7\u00e3o contra a gravidade.<\/span><\/p>\n<p><strong><span class=\"fontstyle0\" style=\"color: #ff0000;\">*Este produto \u00e9 contraindicado para paciente com doen\u00e7as cardiovasculares graves, refluxo grave ou convuls\u00f5es n\u00e3o controladas.<\/span><\/strong><\/p>\n<p>&nbsp;<\/p>\n<ul>\n<li><strong>CORES<\/strong> \u2013 BEGE<\/li>\n<\/ul>\n<ul>\n<li><strong>MATERIAL<\/strong> \u2013 Tecido compressivo 79% poliamida 21% elastano<\/li>\n<\/ul>\n<ul>\n<li><strong>TAMANHOS<\/strong><br \/>\nPPP | PP | P | M | G | GG | P-adulto | M-adulto | G-adulto<\/li>\n<\/ul>\n<p>&nbsp;<\/p>\n<p><img decoding=\"async\" loading=\"lazy\" class=\"aligncenter wp-image-662\" src=\"https:\/\/www.evolvikbrasil.com.br\/loja-brasil\/wp-content\/uploads\/2020\/11\/tabela-de-medidas-2021-300x241.jpg\" alt=\"\" width=\"461\" height=\"370\" srcset=\"https:\/\/www.evolvikbrasil.com.br\/loja-brasil\/wp-content\/uploads\/2020\/11\/tabela-de-medidas-2021-300x241.jpg 300w, https:\/\/www.evolvikbrasil.com.br\/loja-brasil\/wp-content\/uploads\/2020\/11\/tabela-de-medidas-2021-768x617.jpg 768w, https:\/\/www.evolvikbrasil.com.br\/loja-brasil\/wp-content\/uploads\/2020\/11\/tabela-de-medidas-2021-600x482.jpg 600w, https:\/\/www.evolvikbrasil.com.br\/loja-brasil\/wp-content\/uploads\/2020\/11\/tabela-de-medidas-2021.jpg 900w\" sizes=\"(max-width: 461px) 100vw, 461px\" \/><\/p>\n<p>&nbsp;<\/p>\n<ul>\n<li><strong>Medidas e ajustes para GTT podem ser informados no ato do pedido, no campo Notas do pedido ou pelo whatsapp +55 61 9 9932 4855<\/strong><\/li>\n<\/ul>\n<p><img decoding=\"async\" loading=\"lazy\" class=\"wp-image-1136 aligncenter\" src=\"https:\/\/www.evolvikbrasil.com.br\/loja-brasil\/wp-content\/uploads\/2021\/09\/NOTAS-PEDIDO-260x300.jpg\" sizes=\"(max-width: 485px) 100vw, 485px\" srcset=\"https:\/\/www.evolvikbrasil.com.br\/loja-brasil\/wp-content\/uploads\/2021\/09\/NOTAS-PEDIDO-260x300.jpg 260w, https:\/\/www.evolvikbrasil.com.br\/loja-brasil\/wp-content\/uploads\/2021\/09\/NOTAS-PEDIDO-888x1024.jpg 888w, https:\/\/www.evolvikbrasil.com.br\/loja-brasil\/wp-content\/uploads\/2021\/09\/NOTAS-PEDIDO-768x886.jpg 768w, https:\/\/www.evolvikbrasil.com.br\/loja-brasil\/wp-content\/uploads\/2021\/09\/NOTAS-PEDIDO-600x692.jpg 600w, https:\/\/www.evolvikbrasil.com.br\/loja-brasil\/wp-content\/uploads\/2021\/09\/NOTAS-PEDIDO.jpg 900w\" alt=\"\" width=\"485\" height=\"560\" \/><\/p>\n<p>&nbsp;<\/p>\n<ul>\n<li>\n<h3><span style=\"color: #ff0000;\"><strong>PRAZO PARA ENVIO &#8211; AT\u00c9 25 DIAS DA CONFIRMA\u00c7\u00c3O DO PAGAMENTO MAIS O PRAZO DE ENTREGA DOS CORREIOS<\/strong><\/span><\/h3>\n<\/li>\n<\/ul>\n<div id=\"gtx-trans\" style=\"position: absolute; left: 419px; top: 176px;\">\n<div class=\"gtx-trans-icon\"><\/div>\n<\/div>\n","protected":false},"excerpt":{"rendered":"<p>EZ Vest<\/p>\n","protected":false},"featured_media":4232,"comment_status":"open","ping_status":"closed","template":"","meta":[],"product_cat":[15,27,19,18],"product_tag":[],"_links":{"self":[{"href":"https:\/\/www.evolvikbrasil.com.br\/loja-brasil\/wp-json\/wp\/v2\/product\/4135"}],"collection":[{"href":"https:\/\/www.evolvikbrasil.com.br\/loja-brasil\/wp-json\/wp\/v2\/product"}],"about":[{"href":"https:\/\/www.evolvikbrasil.com.br\/loja-brasil\/wp-json\/wp\/v2\/types\/product"}],"replies":[{"embeddable":true,"href":"https:\/\/www.evolvikbrasil.com.br\/loja-brasil\/wp-json\/wp\/v2\/comments?post=4135"}],"wp:featuredmedia":[{"embeddable":true,"href":"https:\/\/www.evolvikbrasil.com.br\/loja-brasil\/wp-json\/wp\/v2\/media\/4232"}],"wp:attachment":[{"href":"https:\/\/www.evolvikbrasil.com.br\/loja-brasil\/wp-json\/wp\/v2\/media?parent=4135"}],"wp:term":[{"taxonomy":"product_cat","embeddable":true,"href":"https:\/\/www.evolvikbrasil.com.br\/loja-brasil\/wp-json\/wp\/v2\/product_cat?post=4135"},{"taxonomy":"product_tag","embeddable":true,"href":"https:\/\/www.evolvikbrasil.com.br\/loja-brasil\/wp-json\/wp\/v2\/product_tag?post=4135"}],"curies":[{"name":"wp","href":"https:\/\/api.w.org\/{rel}","templated":true}]}}