{"id":4012,"date":"2024-01-15T22:14:18","date_gmt":"2024-01-16T01:14:18","guid":{"rendered":"https:\/\/www.evolvikbrasil.com.br\/loja-brasil\/?post_type=product&#038;p=4012"},"modified":"2026-03-19T05:28:41","modified_gmt":"2026-03-19T08:28:41","slug":"hydro-evolvik","status":"publish","type":"product","link":"https:\/\/www.evolvikbrasil.com.br\/loja-brasil\/produto\/hydro-evolvik\/","title":{"rendered":"HYDRO EVOLVIK"},"content":{"rendered":"<p><span class=\"fontstyle0\">Traje proprioceptivo de pe\u00e7a \u00fanica desenvolvido para proporcionar sensa\u00e7\u00e3o de aumento de for\u00e7a. Com o objetivo de servir como extens\u00e3o da terapia intensiva, o Hydro Evolvik \u00e9 adequado para uso em piscina e outras atividades aqu\u00e1ticas. \u00c9 confeccionado em tecido especial que favorece a mobilidade do paciente. Suas costuras e acabamentos foram pensados para garantir o m\u00e1ximo de conforto e praticidade, tanto para o paciente quanto para a fam\u00edlia.<\/span><\/p>\n<p>&nbsp;<\/p>\n<p><span class=\"fontstyle0\">O uso frequente e gradual do <\/span><span class=\"fontstyle0\">Hydro Evolvik <\/span><span class=\"fontstyle0\">proporciona: <\/span><\/p>\n<p><span class=\"fontstyle1\">\u2714\ufe0f <\/span><span class=\"fontstyle0\">Sensa\u00e7\u00e3o de aumento de for\u00e7a;<\/span><\/p>\n<p><span class=\"fontstyle1\">\u2714\ufe0f <\/span><span class=\"fontstyle0\">Melhora na mobilidade durante atividades aqu\u00e1ticas;<\/span><\/p>\n<p><span class=\"fontstyle1\">\u2714\ufe0f <\/span><span class=\"fontstyle0\">Conforto e seguran\u00e7a na aplica\u00e7\u00e3o terap\u00eautica;<\/span><\/p>\n<p><span class=\"fontstyle1\">\u2714\ufe0f <\/span><span class=\"fontstyle0\">Facilidade de uso para pacientes e cuidadores.<\/span><\/p>\n<p><span style=\"color: #ff0000;\">* Este produto \u00e9 contraindicado para paciente com doen\u00e7as cardiovasculares graves, refluxo grave ou convuls\u00f5es n\u00e3o controladas.<\/span><\/p>\n<ul>\n<li style=\"list-style-type: none;\">\n<ul>\n<li style=\"list-style-type: none;\"><\/li>\n<\/ul>\n<\/li>\n<\/ul>\n<p>&nbsp;<\/p>\n<ul>\n<li style=\"list-style-type: none;\">\n<ul>\n<li style=\"list-style-type: none;\">\n<ul>\n<li><strong>TAMANHOS<\/strong><br \/>\nP-baby | M-baby | G-baby | PPP | PP | P | M | G | GG | 3G\u00a0 \u00a04G | AdultoP, M e G<\/li>\n<\/ul>\n<\/li>\n<\/ul>\n<\/li>\n<\/ul>\n<ul>\n<li style=\"list-style-type: none;\">\n<ul>\n<li style=\"list-style-type: none;\">\n<ul>\n<li><strong>COR<\/strong> &#8211; LARANJA<\/li>\n<\/ul>\n<\/li>\n<\/ul>\n<\/li>\n<\/ul>\n<ul>\n<li style=\"list-style-type: none;\">\n<ul>\n<li style=\"list-style-type: none;\">\n<ul>\n<li><strong>MATERIAL<\/strong> &#8211; Tecido compressivo 79% poliamida 21% elastano<\/li>\n<\/ul>\n<\/li>\n<\/ul>\n<\/li>\n<\/ul>\n<p>&nbsp;<\/p>\n<p>Para informa\u00e7\u00f5es completas referente as medidas, consultar nossa tabela de tamanho e orienta\u00e7\u00f5es de medi\u00e7\u00e3o.<\/p>\n<p><img decoding=\"async\" loading=\"lazy\" class=\" wp-image-662 aligncenter\" src=\"https:\/\/www.evolvikbrasil.com.br\/loja-brasil\/wp-content\/uploads\/2020\/11\/tabela-de-medidas-2021-300x241.jpg\" alt=\"\" width=\"432\" height=\"347\" srcset=\"https:\/\/www.evolvikbrasil.com.br\/loja-brasil\/wp-content\/uploads\/2020\/11\/tabela-de-medidas-2021-300x241.jpg 300w, https:\/\/www.evolvikbrasil.com.br\/loja-brasil\/wp-content\/uploads\/2020\/11\/tabela-de-medidas-2021-768x617.jpg 768w, https:\/\/www.evolvikbrasil.com.br\/loja-brasil\/wp-content\/uploads\/2020\/11\/tabela-de-medidas-2021-600x482.jpg 600w, https:\/\/www.evolvikbrasil.com.br\/loja-brasil\/wp-content\/uploads\/2020\/11\/tabela-de-medidas-2021.jpg 900w\" sizes=\"(max-width: 432px) 100vw, 432px\" \/><\/p>\n<ul>\n<li style=\"list-style-type: none;\">\n<ul>\n<li style=\"list-style-type: none;\">\n<ul>\n<li><strong>Medidas e ajustes para GTT podem ser informados no ato do pedido, no campo Notas do pedido ou pelo whatsapp +55 61 9 9932 4855<\/strong><\/li>\n<\/ul>\n<\/li>\n<\/ul>\n<\/li>\n<\/ul>\n<p><img decoding=\"async\" loading=\"lazy\" class=\"wp-image-1136 aligncenter\" src=\"https:\/\/www.evolvikbrasil.com.br\/loja-brasil\/wp-content\/uploads\/2021\/09\/NOTAS-PEDIDO-260x300.jpg\" sizes=\"(max-width: 485px) 100vw, 485px\" srcset=\"https:\/\/www.evolvikbrasil.com.br\/loja-brasil\/wp-content\/uploads\/2021\/09\/NOTAS-PEDIDO-260x300.jpg 260w, https:\/\/www.evolvikbrasil.com.br\/loja-brasil\/wp-content\/uploads\/2021\/09\/NOTAS-PEDIDO-888x1024.jpg 888w, https:\/\/www.evolvikbrasil.com.br\/loja-brasil\/wp-content\/uploads\/2021\/09\/NOTAS-PEDIDO-768x886.jpg 768w, https:\/\/www.evolvikbrasil.com.br\/loja-brasil\/wp-content\/uploads\/2021\/09\/NOTAS-PEDIDO-600x692.jpg 600w, https:\/\/www.evolvikbrasil.com.br\/loja-brasil\/wp-content\/uploads\/2021\/09\/NOTAS-PEDIDO.jpg 900w\" alt=\"\" width=\"485\" height=\"560\" \/><\/p>\n<ul>\n<li style=\"list-style-type: none;\">\n<ul>\n<li style=\"list-style-type: none;\">\n<ul>\n<li>\n<h3><span style=\"color: #ff0000;\"><strong>PRAZO PARA ENVIO &#8211; AT\u00c9 25 DIAS DA CONFIRMA\u00c7\u00c3O DO PAGAMENTO MAIS O PRAZO DE ENTREGA DOS CORREIOS<\/strong><\/span><\/h3>\n<\/li>\n<\/ul>\n<\/li>\n<\/ul>\n<\/li>\n<\/ul>\n<p>&nbsp;<\/p>\n","protected":false},"excerpt":{"rendered":"<p>Traje proprioceptivo de pe\u00e7a \u00fanica desenvolvido para proporcionar sensa\u00e7\u00e3o de aumento de for\u00e7a. Com o objetivo de servir como extens\u00e3o&hellip;<\/p>\n","protected":false},"featured_media":4032,"comment_status":"open","ping_status":"closed","template":"","meta":[],"product_cat":[15,16,18],"product_tag":[],"_links":{"self":[{"href":"https:\/\/www.evolvikbrasil.com.br\/loja-brasil\/wp-json\/wp\/v2\/product\/4012"}],"collection":[{"href":"https:\/\/www.evolvikbrasil.com.br\/loja-brasil\/wp-json\/wp\/v2\/product"}],"about":[{"href":"https:\/\/www.evolvikbrasil.com.br\/loja-brasil\/wp-json\/wp\/v2\/types\/product"}],"replies":[{"embeddable":true,"href":"https:\/\/www.evolvikbrasil.com.br\/loja-brasil\/wp-json\/wp\/v2\/comments?post=4012"}],"wp:featuredmedia":[{"embeddable":true,"href":"https:\/\/www.evolvikbrasil.com.br\/loja-brasil\/wp-json\/wp\/v2\/media\/4032"}],"wp:attachment":[{"href":"https:\/\/www.evolvikbrasil.com.br\/loja-brasil\/wp-json\/wp\/v2\/media?parent=4012"}],"wp:term":[{"taxonomy":"product_cat","embeddable":true,"href":"https:\/\/www.evolvikbrasil.com.br\/loja-brasil\/wp-json\/wp\/v2\/product_cat?post=4012"},{"taxonomy":"product_tag","embeddable":true,"href":"https:\/\/www.evolvikbrasil.com.br\/loja-brasil\/wp-json\/wp\/v2\/product_tag?post=4012"}],"curies":[{"name":"wp","href":"https:\/\/api.w.org\/{rel}","templated":true}]}}