{"id":168,"date":"2020-09-12T10:39:40","date_gmt":"2020-09-12T13:39:40","guid":{"rendered":"https:\/\/www.evolvikbrasil.com.br\/loja-brasil\/?post_type=product&#038;p=168"},"modified":"2026-03-06T18:11:38","modified_gmt":"2026-03-06T21:11:38","slug":"kit-elasticos-inversao-extensao","status":"publish","type":"product","link":"https:\/\/www.evolvikbrasil.com.br\/loja-brasil\/produto\/kit-elasticos-inversao-extensao\/","title":{"rendered":"KIT EL\u00c1STICOS INVERS\u00c3O \/ EXTENS\u00c3O"},"content":{"rendered":"<p>S\u00e3o dois el\u00e1sticos de 20 cm com velcros nas pontas, que podem ser fixados nos el\u00e1sticos da cal\u00e7a para poder girar o el\u00e1stico de forma contr\u00e1ria com efici\u00eancia e conforto.<\/p>\n","protected":false},"excerpt":{"rendered":"<p>S\u00e3o dois el\u00e1sticos de 20 cm com velcros nas pontas, que podem ser fixados nos el\u00e1sticos da cal\u00e7a para poder&hellip;<\/p>\n","protected":false},"featured_media":173,"comment_status":"open","ping_status":"closed","template":"","meta":[],"product_cat":[21,16],"product_tag":[],"_links":{"self":[{"href":"https:\/\/www.evolvikbrasil.com.br\/loja-brasil\/wp-json\/wp\/v2\/product\/168"}],"collection":[{"href":"https:\/\/www.evolvikbrasil.com.br\/loja-brasil\/wp-json\/wp\/v2\/product"}],"about":[{"href":"https:\/\/www.evolvikbrasil.com.br\/loja-brasil\/wp-json\/wp\/v2\/types\/product"}],"replies":[{"embeddable":true,"href":"https:\/\/www.evolvikbrasil.com.br\/loja-brasil\/wp-json\/wp\/v2\/comments?post=168"}],"wp:featuredmedia":[{"embeddable":true,"href":"https:\/\/www.evolvikbrasil.com.br\/loja-brasil\/wp-json\/wp\/v2\/media\/173"}],"wp:attachment":[{"href":"https:\/\/www.evolvikbrasil.com.br\/loja-brasil\/wp-json\/wp\/v2\/media?parent=168"}],"wp:term":[{"taxonomy":"product_cat","embeddable":true,"href":"https:\/\/www.evolvikbrasil.com.br\/loja-brasil\/wp-json\/wp\/v2\/product_cat?post=168"},{"taxonomy":"product_tag","embeddable":true,"href":"https:\/\/www.evolvikbrasil.com.br\/loja-brasil\/wp-json\/wp\/v2\/product_tag?post=168"}],"curies":[{"name":"wp","href":"https:\/\/api.w.org\/{rel}","templated":true}]}}