{"id":1348,"date":"2023-02-13T22:37:25","date_gmt":"2023-02-14T01:37:25","guid":{"rendered":"https:\/\/www.evolvikbrasil.com.br\/loja-brasil\/?post_type=product&#038;p=1348"},"modified":"2026-03-19T05:35:08","modified_gmt":"2026-03-19T08:35:08","slug":"sensory-4","status":"publish","type":"product","link":"https:\/\/www.evolvikbrasil.com.br\/loja-brasil\/produto\/sensory-4\/","title":{"rendered":"SENSORY 4"},"content":{"rendered":"<p>Confeccionado com tecido compressivo.<\/p>\n<p>&nbsp;<\/p>\n<ul>\n<li><strong>CORES<\/strong> \u2013 Vermelho \/ Azul<\/li>\n<\/ul>\n<ul>\n<li><strong>MATERIAL<\/strong> \u2013 Tecido compressivo 79% poliamida 21% elastano<\/li>\n<\/ul>\n<ul>\n<li><strong>TAMANHOS<\/strong><br \/>\nP-baby | M-baby | G-baby | PPP | PP | P | M | G | GG | 3G | 4G | P-adulto | M-adulto | G-adulto<\/li>\n<\/ul>\n<p>&nbsp;<\/p>\n<p><img decoding=\"async\" loading=\"lazy\" class=\"aligncenter wp-image-662\" src=\"https:\/\/www.evolvikbrasil.com.br\/loja-brasil\/wp-content\/uploads\/2020\/11\/tabela-de-medidas-2021-300x241.jpg\" alt=\"\" width=\"461\" height=\"370\" srcset=\"https:\/\/www.evolvikbrasil.com.br\/loja-brasil\/wp-content\/uploads\/2020\/11\/tabela-de-medidas-2021-300x241.jpg 300w, https:\/\/www.evolvikbrasil.com.br\/loja-brasil\/wp-content\/uploads\/2020\/11\/tabela-de-medidas-2021-768x617.jpg 768w, https:\/\/www.evolvikbrasil.com.br\/loja-brasil\/wp-content\/uploads\/2020\/11\/tabela-de-medidas-2021-600x482.jpg 600w, https:\/\/www.evolvikbrasil.com.br\/loja-brasil\/wp-content\/uploads\/2020\/11\/tabela-de-medidas-2021.jpg 900w\" sizes=\"(max-width: 461px) 100vw, 461px\" \/><\/p>\n<p>&nbsp;<\/p>\n<ul>\n<li><strong>Medidas e ajustes para GTT podem ser informados no ato do pedido, no campo Notas do pedido ou pelo whatsapp +55 61 9 9932 4855<\/strong><\/li>\n<\/ul>\n<p><img decoding=\"async\" loading=\"lazy\" class=\"wp-image-1136 aligncenter\" src=\"https:\/\/www.evolvikbrasil.com.br\/loja-brasil\/wp-content\/uploads\/2021\/09\/NOTAS-PEDIDO-260x300.jpg\" sizes=\"(max-width: 485px) 100vw, 485px\" srcset=\"https:\/\/www.evolvikbrasil.com.br\/loja-brasil\/wp-content\/uploads\/2021\/09\/NOTAS-PEDIDO-260x300.jpg 260w, https:\/\/www.evolvikbrasil.com.br\/loja-brasil\/wp-content\/uploads\/2021\/09\/NOTAS-PEDIDO-888x1024.jpg 888w, https:\/\/www.evolvikbrasil.com.br\/loja-brasil\/wp-content\/uploads\/2021\/09\/NOTAS-PEDIDO-768x886.jpg 768w, https:\/\/www.evolvikbrasil.com.br\/loja-brasil\/wp-content\/uploads\/2021\/09\/NOTAS-PEDIDO-600x692.jpg 600w, https:\/\/www.evolvikbrasil.com.br\/loja-brasil\/wp-content\/uploads\/2021\/09\/NOTAS-PEDIDO.jpg 900w\" alt=\"\" width=\"485\" height=\"560\" \/><\/p>\n<p>&nbsp;<\/p>\n<ul>\n<li>\n<h3><span style=\"color: #ff0000;\"><strong>PRAZO PARA ENVIO &#8211; AT\u00c9 25 DIAS DA CONFIRMA\u00c7\u00c3O DO PAGAMENTO MAIS O PRAZO DE ENTREGA DOS CORREIOS<\/strong><\/span><\/h3>\n<\/li>\n<\/ul>\n<p>&nbsp;<\/p>\n<div id=\"gtx-trans\" style=\"position: absolute; left: 419px; top: 176px;\">\n<div class=\"gtx-trans-icon\"><\/div>\n<\/div>\n","protected":false},"excerpt":{"rendered":"<p>Sensory Star<\/p>\n","protected":false},"featured_media":1298,"comment_status":"open","ping_status":"closed","template":"","meta":[],"product_cat":[15,28],"product_tag":[],"_links":{"self":[{"href":"https:\/\/www.evolvikbrasil.com.br\/loja-brasil\/wp-json\/wp\/v2\/product\/1348"}],"collection":[{"href":"https:\/\/www.evolvikbrasil.com.br\/loja-brasil\/wp-json\/wp\/v2\/product"}],"about":[{"href":"https:\/\/www.evolvikbrasil.com.br\/loja-brasil\/wp-json\/wp\/v2\/types\/product"}],"replies":[{"embeddable":true,"href":"https:\/\/www.evolvikbrasil.com.br\/loja-brasil\/wp-json\/wp\/v2\/comments?post=1348"}],"wp:featuredmedia":[{"embeddable":true,"href":"https:\/\/www.evolvikbrasil.com.br\/loja-brasil\/wp-json\/wp\/v2\/media\/1298"}],"wp:attachment":[{"href":"https:\/\/www.evolvikbrasil.com.br\/loja-brasil\/wp-json\/wp\/v2\/media?parent=1348"}],"wp:term":[{"taxonomy":"product_cat","embeddable":true,"href":"https:\/\/www.evolvikbrasil.com.br\/loja-brasil\/wp-json\/wp\/v2\/product_cat?post=1348"},{"taxonomy":"product_tag","embeddable":true,"href":"https:\/\/www.evolvikbrasil.com.br\/loja-brasil\/wp-json\/wp\/v2\/product_tag?post=1348"}],"curies":[{"name":"wp","href":"https:\/\/api.w.org\/{rel}","templated":true}]}}